{"id":135,"date":"2015-10-22T15:31:25","date_gmt":"2015-10-22T15:31:25","guid":{"rendered":"http:\/\/test.kriesi.at\/construction\/?page_id=135"},"modified":"2021-02-09T09:02:16","modified_gmt":"2021-02-09T09:02:16","slug":"garten","status":"publish","type":"page","link":"https:\/\/hewalo.be\/?page_id=135","title":{"rendered":"Au\u00dfen- &#038; Gartenanlagen"},"content":{"rendered":"<div  class='avia-slideshow av-esvq9-1dfdd17a0d8ac2958ed330e8ffd73b39 avia-slideshow-featured_large av_slideshow avia-fade-slider  avia-builder-el-0  el_before_av_one_full  avia-builder-el-first  av-slideshow-ui av-control-hidden av-no-slider-navigation av-hide-nav-arrows av-slideshow-autoplay av-loop-endless av-loop-manual-endless av-default-height-applied avia-slideshow-1' data-slideshow-options=\"{&quot;animation&quot;:&quot;fade&quot;,&quot;autoplay&quot;:true,&quot;loop_autoplay&quot;:&quot;endless&quot;,&quot;interval&quot;:5,&quot;loop_manual&quot;:&quot;manual-endless&quot;,&quot;autoplay_stopper&quot;:false,&quot;noNavigation&quot;:true,&quot;bg_slider&quot;:false,&quot;keep_padding&quot;:false,&quot;hoverpause&quot;:false,&quot;show_slide_delay&quot;:0}\"  itemprop=\"image\" itemscope=\"itemscope\" itemtype=\"https:\/\/schema.org\/ImageObject\" ><ul class='avia-slideshow-inner ' style='padding-bottom: 42%;'><li  class='avia-slideshow-slide av-esvq9-1dfdd17a0d8ac2958ed330e8ffd73b39__0  av-single-slide slide-1 slide-odd'><div data-rel='slideshow-1' class='avia-slide-wrap '   ><img decoding=\"async\" class=\"wp-image-318 avia-img-lazy-loading-not-318\"  src=\"https:\/\/hewalo.be\/wp-content\/uploads\/2021\/01\/IMG_20190430_163939_1500x630px-1500x630.jpg\" width=\"1500\" height=\"630\" title='Au\u00dfenanlage' alt=''  itemprop=\"thumbnailUrl\" srcset=\"https:\/\/hewalo.be\/wp-content\/uploads\/2021\/01\/IMG_20190430_163939_1500x630px.jpg 1500w, https:\/\/hewalo.be\/wp-content\/uploads\/2021\/01\/IMG_20190430_163939_1500x630px-300x126.jpg 300w, https:\/\/hewalo.be\/wp-content\/uploads\/2021\/01\/IMG_20190430_163939_1500x630px-1030x433.jpg 1030w, https:\/\/hewalo.be\/wp-content\/uploads\/2021\/01\/IMG_20190430_163939_1500x630px-768x323.jpg 768w, https:\/\/hewalo.be\/wp-content\/uploads\/2021\/01\/IMG_20190430_163939_1500x630px-705x296.jpg 705w\" sizes=\"(max-width: 1500px) 100vw, 1500px\" \/><\/div><\/li><\/ul><\/div>\n\n<style type=\"text\/css\" data-created_by=\"avia_inline_auto\" id=\"style-css-av-3gewtt-b588d8f40552c2dd77125e309358412c\">\n#top .flex_column.av-3gewtt-b588d8f40552c2dd77125e309358412c{\nmargin-top:0px;\nmargin-bottom:0px;\n}\n.flex_column.av-3gewtt-b588d8f40552c2dd77125e309358412c{\n-webkit-border-radius:0px 0px 0px 0px;\n-moz-border-radius:0px 0px 0px 0px;\nborder-radius:0px 0px 0px 0px;\npadding:0px 0px 0px 0px;\n}\n.responsive #top #wrap_all .flex_column.av-3gewtt-b588d8f40552c2dd77125e309358412c{\nmargin-top:0px;\nmargin-bottom:0px;\n}\n<\/style>\n<div class='flex_column av-3gewtt-b588d8f40552c2dd77125e309358412c av_one_full  avia-builder-el-1  el_after_av_slideshow  el_before_av_one_half  first flex_column_div av-animated-generic bottom-to-top av-zero-column-padding '     ><p>\n<style type=\"text\/css\" data-created_by=\"avia_inline_auto\" id=\"style-css-av-kkcodgt5-ac9cc367352510aa5a3d712863acb1fb\">\n#top .av-special-heading.av-kkcodgt5-ac9cc367352510aa5a3d712863acb1fb{\npadding-bottom:0;\n}\nbody .av-special-heading.av-kkcodgt5-ac9cc367352510aa5a3d712863acb1fb .av-special-heading-tag .heading-char{\nfont-size:25px;\n}\n.av-special-heading.av-kkcodgt5-ac9cc367352510aa5a3d712863acb1fb .av-subheading{\nfont-size:15px;\n}\n<\/style>\n<div  class='av-special-heading av-kkcodgt5-ac9cc367352510aa5a3d712863acb1fb av-special-heading-h2 blockquote modern-quote  avia-builder-el-2  el_before_av_hr  avia-builder-el-first '><h2 class='av-special-heading-tag'  itemprop=\"headline\"  >Au\u00dfen- <span class='special_amp'>&amp;<\/span> Gartenanlagen<\/h2><div class=\"special-heading-border\"><div class=\"special-heading-inner-border\"><\/div><\/div><\/div><br \/>\n\n<style type=\"text\/css\" data-created_by=\"avia_inline_auto\" id=\"style-css-av-34kbkp-fddfc36f0b1eedb0dd0a6629133dfeab\">\n#top .hr.av-34kbkp-fddfc36f0b1eedb0dd0a6629133dfeab{\nmargin-top:10px;\nmargin-bottom:10px;\n}\n.hr.av-34kbkp-fddfc36f0b1eedb0dd0a6629133dfeab .hr-inner{\nwidth:50px;\nborder-color:#cb2d21;\n}\n<\/style>\n<div  class='hr av-34kbkp-fddfc36f0b1eedb0dd0a6629133dfeab hr-custom  avia-builder-el-3  el_after_av_heading  avia-builder-el-last  hr-left hr-icon-no'><span class='hr-inner inner-border-av-border-fat'><span class=\"hr-inner-style\"><\/span><\/span><\/div><\/p><\/div>\n\n<style type=\"text\/css\" data-created_by=\"avia_inline_auto\" id=\"style-css-av-2x0jmh-f58f4a571ce1ee7d5bdf113e42f807e6\">\n#top .flex_column.av-2x0jmh-f58f4a571ce1ee7d5bdf113e42f807e6{\nmargin-top:0px;\nmargin-bottom:0px;\n}\n.flex_column.av-2x0jmh-f58f4a571ce1ee7d5bdf113e42f807e6{\n-webkit-border-radius:0px 0px 0px 0px;\n-moz-border-radius:0px 0px 0px 0px;\nborder-radius:0px 0px 0px 0px;\npadding:0px 0px 0px 0px;\n}\n.responsive #top #wrap_all .flex_column.av-2x0jmh-f58f4a571ce1ee7d5bdf113e42f807e6{\nmargin-top:0px;\nmargin-bottom:0px;\n}\n<\/style>\n<div class='flex_column av-2x0jmh-f58f4a571ce1ee7d5bdf113e42f807e6 av_one_half  avia-builder-el-4  el_after_av_one_full  el_before_av_one_half  first flex_column_div av-animated-generic bottom-to-top av-zero-column-padding column-top-margin'     ><section  class='av_textblock_section av-2qkz7d-452b2cf720e2a627edd40546194cb415'  itemscope=\"itemscope\" itemtype=\"https:\/\/schema.org\/CreativeWork\" ><div class='avia_textblock'  itemprop=\"text\" ><p>Einen sch\u00f6nen Garten anzulegen, bedarf einiges an Zeit und M\u00fche. Unsere Gestaltungstipps geben Ihnen zahlreiche praktische Hilfestellungen, die Ihnen die Planung Ihres Traumgartens leichter machen.<\/p>\n<p>Ob es sich um einen komplett neuen oder um einen bereits vorhandenen Garten handelt, vor allem Garten-Einsteiger wissen oft nicht, womit sie bei der Planung und Anlage ihres gr\u00fcnen Domizils beginnen sollen. Wir geben Ihnen hier zahlreiche Gestaltungstipps an die Hand und zeigen Ihnen Schritt f\u00fcr Schritt, welche Punkte Sie bei der Planung Ihres Traumgartens beachten sollten.<\/p>\n<\/div><\/section><\/div>\n\n<style type=\"text\/css\" data-created_by=\"avia_inline_auto\" id=\"style-css-av-2jngx-7a89f5c8170dd2667b538bb9b7b39ab2\">\n#top .flex_column.av-2jngx-7a89f5c8170dd2667b538bb9b7b39ab2{\nmargin-top:0px;\nmargin-bottom:0px;\n}\n.flex_column.av-2jngx-7a89f5c8170dd2667b538bb9b7b39ab2{\n-webkit-border-radius:0px 0px 0px 0px;\n-moz-border-radius:0px 0px 0px 0px;\nborder-radius:0px 0px 0px 0px;\npadding:0px 0px 0px 0px;\n}\n.responsive #top #wrap_all .flex_column.av-2jngx-7a89f5c8170dd2667b538bb9b7b39ab2{\nmargin-top:0px;\nmargin-bottom:0px;\n}\n<\/style>\n<div class='flex_column av-2jngx-7a89f5c8170dd2667b538bb9b7b39ab2 av_one_half  avia-builder-el-6  el_after_av_one_half  avia-builder-el-last  flex_column_div av-animated-generic bottom-to-top av-zero-column-padding column-top-margin'     ><div  class='avia-slideshow av-kkco7mu6-f493400607630467b96bb627d691caae avia-slideshow-portfolio av_slideshow avia-slide-slider  avia-builder-el-7  avia-builder-el-no-sibling  av-slideshow-ui av-control-default av-slideshow-autoplay av-loop-endless av-loop-manual-endless av-default-height-applied avia-slideshow-2' data-slideshow-options=\"{&quot;animation&quot;:&quot;slide&quot;,&quot;autoplay&quot;:true,&quot;loop_autoplay&quot;:&quot;endless&quot;,&quot;interval&quot;:4,&quot;loop_manual&quot;:&quot;manual-endless&quot;,&quot;autoplay_stopper&quot;:false,&quot;noNavigation&quot;:false,&quot;bg_slider&quot;:false,&quot;keep_padding&quot;:false,&quot;hoverpause&quot;:false,&quot;show_slide_delay&quot;:0}\"  itemprop=\"image\" itemscope=\"itemscope\" itemtype=\"https:\/\/schema.org\/ImageObject\" ><ul class='avia-slideshow-inner ' style='padding-bottom: 80.808080808081%;'><li  class='avia-slideshow-slide av-kkco7mu6-f493400607630467b96bb627d691caae__0  slide-1 slide-odd'><div data-rel='slideshow-2' class='avia-slide-wrap '  title='Terrasse' ><img decoding=\"async\" class=\"wp-image-408 avia-img-lazy-loading-not-408\"  src=\"https:\/\/hewalo.be\/wp-content\/uploads\/2021\/01\/terrasse_495x400px_04-495x400.jpg\" width=\"495\" height=\"400\" title='Terrasse' alt='Terrasse'  itemprop=\"thumbnailUrl\" srcset=\"https:\/\/hewalo.be\/wp-content\/uploads\/2021\/01\/terrasse_495x400px_04.jpg 495w, https:\/\/hewalo.be\/wp-content\/uploads\/2021\/01\/terrasse_495x400px_04-300x242.jpg 300w\" sizes=\"(max-width: 495px) 100vw, 495px\" \/><\/div><\/li><li  class='avia-slideshow-slide av-kkco7mu6-f493400607630467b96bb627d691caae__1  slide-2 slide-even'><div data-rel='slideshow-2' class='avia-slide-wrap '  title='Terrasse' ><img decoding=\"async\" class=\"wp-image-405 avia-img-lazy-loading-not-405\"  src=\"https:\/\/hewalo.be\/wp-content\/uploads\/2021\/01\/terrasse_495x400px_01-495x400.jpg\" width=\"495\" height=\"400\" title='Terrasse' alt='Terrasse'  itemprop=\"thumbnailUrl\" srcset=\"https:\/\/hewalo.be\/wp-content\/uploads\/2021\/01\/terrasse_495x400px_01.jpg 495w, https:\/\/hewalo.be\/wp-content\/uploads\/2021\/01\/terrasse_495x400px_01-300x242.jpg 300w\" sizes=\"(max-width: 495px) 100vw, 495px\" \/><\/div><\/li><li  class='avia-slideshow-slide av-kkco7mu6-f493400607630467b96bb627d691caae__2  slide-3 slide-odd'><div data-rel='slideshow-2' class='avia-slide-wrap '  title='Terrasse' ><img decoding=\"async\" class=\"wp-image-406 avia-img-lazy-loading-not-406\"  src=\"https:\/\/hewalo.be\/wp-content\/uploads\/2021\/01\/terrasse_495x400px_02-495x400.jpg\" width=\"495\" height=\"400\" title='Terrasse' alt='Terrasse'  itemprop=\"thumbnailUrl\" srcset=\"https:\/\/hewalo.be\/wp-content\/uploads\/2021\/01\/terrasse_495x400px_02.jpg 495w, https:\/\/hewalo.be\/wp-content\/uploads\/2021\/01\/terrasse_495x400px_02-300x242.jpg 300w\" sizes=\"(max-width: 495px) 100vw, 495px\" \/><\/div><\/li><\/ul><div class='avia-slideshow-arrows avia-slideshow-controls' ><a href='#prev' class='prev-slide ' aria-hidden='true' data-av_icon='\ue87c' data-av_iconfont='entypo-fontello'  tabindex='-1'>Zur\u00fcck<\/a><a href='#next' class='next-slide ' aria-hidden='true' data-av_icon='\ue87d' data-av_iconfont='entypo-fontello'  tabindex='-1'>Weiter<\/a><\/div><div class='avia-slideshow-dots avia-slideshow-controls'><a href='#1' class='goto-slide active' >1<\/a><a href='#2' class='goto-slide ' >2<\/a><a href='#3' class='goto-slide ' >3<\/a><\/div><\/div><\/div>\n","protected":false},"excerpt":{"rendered":"","protected":false},"author":1,"featured_media":0,"parent":25,"menu_order":1,"comment_status":"closed","ping_status":"closed","template":"","meta":{"_monsterinsights_skip_tracking":false,"_monsterinsights_sitenote_active":false,"_monsterinsights_sitenote_note":"","_monsterinsights_sitenote_category":0,"footnotes":""},"class_list":["post-135","page","type-page","status-publish","hentry"],"yoast_head":"<!-- This site is optimized with the Yoast SEO plugin v27.4 - https:\/\/yoast.com\/product\/yoast-seo-wordpress\/ -->\n<title>Au\u00dfen- &amp; Gartenanlagen - Au\u00dfen- &amp; Gartenanlagen - Hewalo<\/title>\n<meta name=\"description\" content=\"hewalo, Bauunternehmen, Au\u00dfenanlagen, Gartenanlagen, Gestaltung, Garten, Planung, Traumgarten, Ostbelgien, Emmels, Belgien\" \/>\n<meta name=\"robots\" content=\"index, follow, max-snippet:-1, max-image-preview:large, max-video-preview:-1\" \/>\n<link rel=\"canonical\" href=\"https:\/\/hewalo.be\/?page_id=135\" \/>\n<meta property=\"og:locale\" content=\"de_DE\" \/>\n<meta property=\"og:type\" content=\"article\" \/>\n<meta property=\"og:title\" content=\"Au\u00dfen- &amp; Gartenanlagen - Au\u00dfen- &amp; Gartenanlagen - Hewalo\" \/>\n<meta property=\"og:description\" content=\"hewalo, Bauunternehmen, Au\u00dfenanlagen, Gartenanlagen, Gestaltung, Garten, Planung, Traumgarten, Ostbelgien, Emmels, Belgien\" \/>\n<meta property=\"og:url\" content=\"https:\/\/hewalo.be\/?page_id=135\" \/>\n<meta property=\"og:site_name\" content=\"Hewalo\" \/>\n<meta property=\"article:modified_time\" content=\"2021-02-09T09:02:16+00:00\" \/>\n<meta name=\"twitter:card\" content=\"summary_large_image\" \/>\n<meta name=\"twitter:label1\" content=\"Gesch\u00e4tzte Lesezeit\" \/>\n\t<meta name=\"twitter:data1\" content=\"4\u00a0Minuten\" \/>\n<script type=\"application\/ld+json\" class=\"yoast-schema-graph\">{\"@context\":\"https:\\\/\\\/schema.org\",\"@graph\":[{\"@type\":\"WebPage\",\"@id\":\"https:\\\/\\\/hewalo.be\\\/?page_id=135\",\"url\":\"https:\\\/\\\/hewalo.be\\\/?page_id=135\",\"name\":\"Au\u00dfen- & Gartenanlagen - Au\u00dfen- & Gartenanlagen - Hewalo\",\"isPartOf\":{\"@id\":\"https:\\\/\\\/hewalo.be\\\/#website\"},\"datePublished\":\"2015-10-22T15:31:25+00:00\",\"dateModified\":\"2021-02-09T09:02:16+00:00\",\"description\":\"hewalo, Bauunternehmen, Au\u00dfenanlagen, Gartenanlagen, Gestaltung, Garten, Planung, Traumgarten, Ostbelgien, Emmels, Belgien\",\"breadcrumb\":{\"@id\":\"https:\\\/\\\/hewalo.be\\\/?page_id=135#breadcrumb\"},\"inLanguage\":\"de\",\"potentialAction\":[{\"@type\":\"ReadAction\",\"target\":[\"https:\\\/\\\/hewalo.be\\\/?page_id=135\"]}]},{\"@type\":\"BreadcrumbList\",\"@id\":\"https:\\\/\\\/hewalo.be\\\/?page_id=135#breadcrumb\",\"itemListElement\":[{\"@type\":\"ListItem\",\"position\":1,\"name\":\"Startseite\",\"item\":\"https:\\\/\\\/hewalo.be\\\/\"},{\"@type\":\"ListItem\",\"position\":2,\"name\":\"Leistungen\",\"item\":\"https:\\\/\\\/hewalo.be\\\/?page_id=25\"},{\"@type\":\"ListItem\",\"position\":3,\"name\":\"Au\u00dfen- &#038; Gartenanlagen\"}]},{\"@type\":\"WebSite\",\"@id\":\"https:\\\/\\\/hewalo.be\\\/#website\",\"url\":\"https:\\\/\\\/hewalo.be\\\/\",\"name\":\"Hewalo\",\"description\":\"Bauunternehmen\",\"potentialAction\":[{\"@type\":\"SearchAction\",\"target\":{\"@type\":\"EntryPoint\",\"urlTemplate\":\"https:\\\/\\\/hewalo.be\\\/?s={search_term_string}\"},\"query-input\":{\"@type\":\"PropertyValueSpecification\",\"valueRequired\":true,\"valueName\":\"search_term_string\"}}],\"inLanguage\":\"de\"}]}<\/script>\n<!-- \/ Yoast SEO plugin. -->","yoast_head_json":{"title":"Au\u00dfen- & Gartenanlagen - Au\u00dfen- & Gartenanlagen - Hewalo","description":"hewalo, Bauunternehmen, Au\u00dfenanlagen, Gartenanlagen, Gestaltung, Garten, Planung, Traumgarten, Ostbelgien, Emmels, Belgien","robots":{"index":"index","follow":"follow","max-snippet":"max-snippet:-1","max-image-preview":"max-image-preview:large","max-video-preview":"max-video-preview:-1"},"canonical":"https:\/\/hewalo.be\/?page_id=135","og_locale":"de_DE","og_type":"article","og_title":"Au\u00dfen- & Gartenanlagen - Au\u00dfen- & Gartenanlagen - Hewalo","og_description":"hewalo, Bauunternehmen, Au\u00dfenanlagen, Gartenanlagen, Gestaltung, Garten, Planung, Traumgarten, Ostbelgien, Emmels, Belgien","og_url":"https:\/\/hewalo.be\/?page_id=135","og_site_name":"Hewalo","article_modified_time":"2021-02-09T09:02:16+00:00","twitter_card":"summary_large_image","twitter_misc":{"Gesch\u00e4tzte Lesezeit":"4\u00a0Minuten"},"schema":{"@context":"https:\/\/schema.org","@graph":[{"@type":"WebPage","@id":"https:\/\/hewalo.be\/?page_id=135","url":"https:\/\/hewalo.be\/?page_id=135","name":"Au\u00dfen- & Gartenanlagen - Au\u00dfen- & Gartenanlagen - Hewalo","isPartOf":{"@id":"https:\/\/hewalo.be\/#website"},"datePublished":"2015-10-22T15:31:25+00:00","dateModified":"2021-02-09T09:02:16+00:00","description":"hewalo, Bauunternehmen, Au\u00dfenanlagen, Gartenanlagen, Gestaltung, Garten, Planung, Traumgarten, Ostbelgien, Emmels, Belgien","breadcrumb":{"@id":"https:\/\/hewalo.be\/?page_id=135#breadcrumb"},"inLanguage":"de","potentialAction":[{"@type":"ReadAction","target":["https:\/\/hewalo.be\/?page_id=135"]}]},{"@type":"BreadcrumbList","@id":"https:\/\/hewalo.be\/?page_id=135#breadcrumb","itemListElement":[{"@type":"ListItem","position":1,"name":"Startseite","item":"https:\/\/hewalo.be\/"},{"@type":"ListItem","position":2,"name":"Leistungen","item":"https:\/\/hewalo.be\/?page_id=25"},{"@type":"ListItem","position":3,"name":"Au\u00dfen- &#038; Gartenanlagen"}]},{"@type":"WebSite","@id":"https:\/\/hewalo.be\/#website","url":"https:\/\/hewalo.be\/","name":"Hewalo","description":"Bauunternehmen","potentialAction":[{"@type":"SearchAction","target":{"@type":"EntryPoint","urlTemplate":"https:\/\/hewalo.be\/?s={search_term_string}"},"query-input":{"@type":"PropertyValueSpecification","valueRequired":true,"valueName":"search_term_string"}}],"inLanguage":"de"}]}},"_links":{"self":[{"href":"https:\/\/hewalo.be\/index.php?rest_route=\/wp\/v2\/pages\/135","targetHints":{"allow":["GET"]}}],"collection":[{"href":"https:\/\/hewalo.be\/index.php?rest_route=\/wp\/v2\/pages"}],"about":[{"href":"https:\/\/hewalo.be\/index.php?rest_route=\/wp\/v2\/types\/page"}],"author":[{"embeddable":true,"href":"https:\/\/hewalo.be\/index.php?rest_route=\/wp\/v2\/users\/1"}],"replies":[{"embeddable":true,"href":"https:\/\/hewalo.be\/index.php?rest_route=%2Fwp%2Fv2%2Fcomments&post=135"}],"version-history":[{"count":5,"href":"https:\/\/hewalo.be\/index.php?rest_route=\/wp\/v2\/pages\/135\/revisions"}],"predecessor-version":[{"id":410,"href":"https:\/\/hewalo.be\/index.php?rest_route=\/wp\/v2\/pages\/135\/revisions\/410"}],"up":[{"embeddable":true,"href":"https:\/\/hewalo.be\/index.php?rest_route=\/wp\/v2\/pages\/25"}],"wp:attachment":[{"href":"https:\/\/hewalo.be\/index.php?rest_route=%2Fwp%2Fv2%2Fmedia&parent=135"}],"curies":[{"name":"wp","href":"https:\/\/api.w.org\/{rel}","templated":true}]}}