{"id":250,"date":"2015-10-21T12:34:01","date_gmt":"2015-10-21T12:34:01","guid":{"rendered":"http:\/\/test.kriesi.at\/construction\/?page_id=31"},"modified":"2023-01-18T10:00:26","modified_gmt":"2023-01-18T10:00:26","slug":"team","status":"publish","type":"page","link":"https:\/\/hewalo.be\/?page_id=250","title":{"rendered":"\u00dcber uns"},"content":{"rendered":"<div id='full_slider_1'  class='avia-fullwidth-slider main_color avia-shadow   avia-builder-el-0  el_before_av_section  avia-builder-el-first   container_wrap sidebar_right'  ><div  class='avia-slideshow av-6rhueq-71ba45d391b7269a2f043e16290bb91e avia-slideshow-featured av_slideshow_full avia-fade-slider av-slideshow-ui av-control-hidden av-no-slider-navigation av-hide-nav-arrows av-slideshow-autoplay av-loop-endless av-loop-manual-endless av-default-height-applied   avia-slideshow-1' data-slideshow-options=\"{&quot;animation&quot;:&quot;fade&quot;,&quot;autoplay&quot;:true,&quot;loop_autoplay&quot;:&quot;endless&quot;,&quot;interval&quot;:5,&quot;loop_manual&quot;:&quot;manual-endless&quot;,&quot;autoplay_stopper&quot;:false,&quot;noNavigation&quot;:true,&quot;bg_slider&quot;:false,&quot;keep_padding&quot;:false,&quot;hoverpause&quot;:false,&quot;show_slide_delay&quot;:0}\"  itemprop=\"image\" itemscope=\"itemscope\" itemtype=\"https:\/\/schema.org\/ImageObject\" ><ul class='avia-slideshow-inner ' style='padding-bottom: 28.666666666667%;'><li  class='avia-slideshow-slide av-6rhueq-71ba45d391b7269a2f043e16290bb91e__0  av-single-slide slide-1 slide-odd'><div data-rel='slideshow-1' class='avia-slide-wrap '  title='Architektenpl\u00e4ne' ><img decoding=\"async\" class=\"wp-image-83 avia-img-lazy-loading-not-83\"  src=\"https:\/\/hewalo.be\/wp-content\/uploads\/2015\/10\/scale-ruler-on-blueprints-1500x430.jpg\" width=\"1500\" height=\"430\" title='Architektenpl\u00e4ne' alt=''  itemprop=\"thumbnailUrl\"   \/><\/div><\/li><\/ul><\/div><\/div>\n\n<style type=\"text\/css\" data-created_by=\"avia_inline_auto\" id=\"style-css-av-btj6xl-2aafe9e77d08145feb736d562f900547\">\n.avia-section.av-btj6xl-2aafe9e77d08145feb736d562f900547 .av-parallax .av-parallax-inner{\nbackground-color:#cb2d21;\nbackground-image:url(https:\/\/hewalo.be\/wp-content\/uploads\/2015\/10\/house-wire-model-fade-white-1500x1085.png);\nbackground-repeat:no-repeat;\nbackground-position:100% 50%;\nbackground-attachment:scroll;\n}\n<\/style>\n<div id='av_section_1'  class='avia-section av-btj6xl-2aafe9e77d08145feb736d562f900547 main_color avia-section-default avia-no-border-styling  avia-builder-el-1  el_after_av_slideshow_full  el_before_av_one_half  avia-full-stretch av-parallax-section avia-bg-style-parallax container_wrap sidebar_right'  data-section-bg-repeat='stretch'><div class='av-parallax' data-avia-parallax-ratio='0.3' ><div class='av-parallax-inner main_color avia-full-stretch'><\/div><\/div><div class='container av-section-cont-open' ><div class='template-page content  av-content-small alpha units'><div class='post-entry post-entry-type-page post-entry-250'><div class='entry-content-wrapper clearfix'>\n<div class='flex_column_table av-bpwwch-204ba6935706bbabd5bc6d14e4784b6a sc-av_one_full av-equal-height-column-flextable'>\n<style type=\"text\/css\" data-created_by=\"avia_inline_auto\" id=\"style-css-av-bpwwch-204ba6935706bbabd5bc6d14e4784b6a\">\n.flex_column.av-bpwwch-204ba6935706bbabd5bc6d14e4784b6a{\n-webkit-border-radius:0px 0px 0px 0px;\n-moz-border-radius:0px 0px 0px 0px;\nborder-radius:0px 0px 0px 0px;\npadding:0px 0px 0px 0px;\n}\n<\/style>\n<div class='flex_column av-bpwwch-204ba6935706bbabd5bc6d14e4784b6a av_one_full  avia-builder-el-2  avia-builder-el-no-sibling  first flex_column_table_cell av-equal-height-column av-align-middle av-animated-generic left-to-right av-zero-column-padding '     ><style type=\"text\/css\" data-created_by=\"avia_inline_auto\" id=\"style-css-av-kkcfp2zc-0d4d05bbfb88853706f5b4b91024c321\">\n#top .av-special-heading.av-kkcfp2zc-0d4d05bbfb88853706f5b4b91024c321{\npadding-bottom:0;\ncolor:#ffffff;\nfont-size:30px;\n}\nbody .av-special-heading.av-kkcfp2zc-0d4d05bbfb88853706f5b4b91024c321 .av-special-heading-tag .heading-char{\nfont-size:25px;\n}\n#top #wrap_all .av-special-heading.av-kkcfp2zc-0d4d05bbfb88853706f5b4b91024c321 .av-special-heading-tag{\nfont-size:30px;\n}\n.av-special-heading.av-kkcfp2zc-0d4d05bbfb88853706f5b4b91024c321 .special-heading-inner-border{\nborder-color:#ffffff;\n}\n.av-special-heading.av-kkcfp2zc-0d4d05bbfb88853706f5b4b91024c321 .av-subheading{\nfont-size:15px;\n}\n\n@media only screen and (min-width: 480px) and (max-width: 767px){ \n#top #wrap_all .av-special-heading.av-kkcfp2zc-0d4d05bbfb88853706f5b4b91024c321 .av-special-heading-tag{\nfont-size:0.8em;\n}\n}\n\n@media only screen and (max-width: 479px){ \n#top #wrap_all .av-special-heading.av-kkcfp2zc-0d4d05bbfb88853706f5b4b91024c321 .av-special-heading-tag{\nfont-size:0.8em;\n}\n}\n<\/style>\n<div  class='av-special-heading av-kkcfp2zc-0d4d05bbfb88853706f5b4b91024c321 av-special-heading-h3 custom-color-heading blockquote modern-quote  avia-builder-el-3  avia-builder-el-no-sibling  av-inherit-size'><h3 class='av-special-heading-tag'  itemprop=\"headline\"  >Hewalo &#8211; ein starkes Team f\u00fcr Ihre Bauprojekte<\/h3><div class=\"special-heading-border\"><div class=\"special-heading-inner-border\"><\/div><\/div><\/div><\/div><\/div><!--close column table wrapper. Autoclose: 1 -->\n<\/div><\/div><\/div><!-- close content main div --><\/div><\/div><div id='after_section_1'  class='main_color av_default_container_wrap container_wrap sidebar_right'  ><div class='container av-section-cont-open' ><div class='template-page content  av-content-small alpha units'><div class='post-entry post-entry-type-page post-entry-250'><div class='entry-content-wrapper clearfix'>\n\n<style type=\"text\/css\" data-created_by=\"avia_inline_auto\" id=\"style-css-av-qq04y-80caa30c5c3251a823d838cfffe60351\">\n.flex_column.av-qq04y-80caa30c5c3251a823d838cfffe60351{\n-webkit-border-radius:0px 0px 0px 0px;\n-moz-border-radius:0px 0px 0px 0px;\nborder-radius:0px 0px 0px 0px;\npadding:0px 0px 0px 0px;\n}\n<\/style>\n<div class='flex_column av-qq04y-80caa30c5c3251a823d838cfffe60351 av_one_half  avia-builder-el-4  el_after_av_section  el_before_av_one_half  avia-builder-el-first  first flex_column_div av-animated-generic bottom-to-top av-zero-column-padding '     ><section  class='av_textblock_section av-k2qpm-8ecd47f9817afbc02a686cd52fa86cb0'  itemscope=\"itemscope\" itemtype=\"https:\/\/schema.org\/CreativeWork\" ><div class='avia_textblock'  itemprop=\"text\" ><p>Der Name Hewalo setzte sich aus \u00a0den Firmengr\u00fcnder und des Sitzes der Firma zusammen:<strong> H<\/strong>einz Girretz,<strong> E<\/strong>rich Trost,<strong> W<\/strong>erner Schlabertz,<strong> A<\/strong>lain Mausen,<strong> Lo<\/strong>mmersweiler<\/p>\n<p>Urspr\u00fcnglicher Sitz der Firma war Lommersweiler, der dann sp\u00e4ter beim Verlassen der Gr\u00fcndungsmitglieder Heinz Girretz und Werner Schlabertz nach Emmels verlegt wurde.<\/p>\n<\/div><\/section><\/div>\n\n<style type=\"text\/css\" data-created_by=\"avia_inline_auto\" id=\"style-css-av-f6022-dcb8d029bbcc67441a0597dfc5fb88b2\">\n.flex_column.av-f6022-dcb8d029bbcc67441a0597dfc5fb88b2{\n-webkit-border-radius:0px 0px 0px 0px;\n-moz-border-radius:0px 0px 0px 0px;\nborder-radius:0px 0px 0px 0px;\npadding:0px 0px 0px 0px;\n}\n<\/style>\n<div class='flex_column av-f6022-dcb8d029bbcc67441a0597dfc5fb88b2 av_one_half  avia-builder-el-6  el_after_av_one_half  avia-builder-el-last  flex_column_div av-animated-generic bottom-to-top av-zero-column-padding '     ><section  class='av_textblock_section av-8qncq-7544d7a58b8955b9ad62d1cb04c83434'  itemscope=\"itemscope\" itemtype=\"https:\/\/schema.org\/CreativeWork\" ><div class='avia_textblock'  itemprop=\"text\" ><p>Die Firma Hewalo besteht nun aus zwei aktiven Gesch\u00e4ftsf\u00fchrern\u00a0<strong>Mausen Alain<\/strong> und <strong>Erich Trost<\/strong> (immer auf den Baustellen vor Ort), zwei Arbeitern und einem Lehrjungen<\/p>\n<p>Die Firma Hewalo hat sich in den vergangenen 25 Jahren in Ostbelgien und \u00fcber die belgischen Landesgrenzen einen Namen gemacht und garantiert f\u00fcr saubere und genaue Arbeiten im Rohbauberreich, Bausanierung jeglicher Art sowie Fliesenverlegearbeiten, Gestaltung von Hof und Au\u00dfenanlagen.<\/p>\n<\/div><\/section><\/div>\n","protected":false},"excerpt":{"rendered":"","protected":false},"author":1,"featured_media":0,"parent":0,"menu_order":0,"comment_status":"closed","ping_status":"closed","template":"","meta":{"_monsterinsights_skip_tracking":false,"_monsterinsights_sitenote_active":false,"_monsterinsights_sitenote_note":"","_monsterinsights_sitenote_category":0,"footnotes":""},"class_list":["post-250","page","type-page","status-publish","hentry"],"yoast_head":"<!-- This site is optimized with the Yoast SEO plugin v27.4 - https:\/\/yoast.com\/product\/yoast-seo-wordpress\/ -->\n<title>\u00dcber uns - Hewalo<\/title>\n<meta name=\"description\" content=\"hewalo, Bauunternehmen, team, Erfahrung, Firmengr\u00fcnder, Erich Trost, Alain Mausen, Lommersweiler, Ostbelgien, Emmels, Hausbau,\" \/>\n<meta name=\"robots\" content=\"index, follow, max-snippet:-1, max-image-preview:large, max-video-preview:-1\" \/>\n<link rel=\"canonical\" href=\"https:\/\/hewalo.be\/?page_id=250\" \/>\n<meta property=\"og:locale\" content=\"de_DE\" \/>\n<meta property=\"og:type\" content=\"article\" \/>\n<meta property=\"og:title\" content=\"\u00dcber uns - Hewalo\" \/>\n<meta property=\"og:description\" content=\"hewalo, Bauunternehmen, team, Erfahrung, Firmengr\u00fcnder, Erich Trost, Alain Mausen, Lommersweiler, Ostbelgien, Emmels, Hausbau,\" \/>\n<meta property=\"og:url\" content=\"https:\/\/hewalo.be\/?page_id=250\" \/>\n<meta property=\"og:site_name\" content=\"Hewalo\" \/>\n<meta property=\"article:modified_time\" content=\"2023-01-18T10:00:26+00:00\" \/>\n<meta name=\"twitter:card\" content=\"summary_large_image\" \/>\n<meta name=\"twitter:label1\" content=\"Gesch\u00e4tzte Lesezeit\" \/>\n\t<meta name=\"twitter:data1\" content=\"2\u00a0Minuten\" \/>\n<script type=\"application\/ld+json\" class=\"yoast-schema-graph\">{\"@context\":\"https:\\\/\\\/schema.org\",\"@graph\":[{\"@type\":\"WebPage\",\"@id\":\"https:\\\/\\\/hewalo.be\\\/?page_id=250\",\"url\":\"https:\\\/\\\/hewalo.be\\\/?page_id=250\",\"name\":\"\u00dcber uns - Hewalo\",\"isPartOf\":{\"@id\":\"https:\\\/\\\/hewalo.be\\\/#website\"},\"datePublished\":\"2015-10-21T12:34:01+00:00\",\"dateModified\":\"2023-01-18T10:00:26+00:00\",\"description\":\"hewalo, Bauunternehmen, team, Erfahrung, Firmengr\u00fcnder, Erich Trost, Alain Mausen, Lommersweiler, Ostbelgien, Emmels, Hausbau,\",\"breadcrumb\":{\"@id\":\"https:\\\/\\\/hewalo.be\\\/?page_id=250#breadcrumb\"},\"inLanguage\":\"de\",\"potentialAction\":[{\"@type\":\"ReadAction\",\"target\":[\"https:\\\/\\\/hewalo.be\\\/?page_id=250\"]}]},{\"@type\":\"BreadcrumbList\",\"@id\":\"https:\\\/\\\/hewalo.be\\\/?page_id=250#breadcrumb\",\"itemListElement\":[{\"@type\":\"ListItem\",\"position\":1,\"name\":\"Startseite\",\"item\":\"https:\\\/\\\/hewalo.be\\\/\"},{\"@type\":\"ListItem\",\"position\":2,\"name\":\"\u00dcber uns\"}]},{\"@type\":\"WebSite\",\"@id\":\"https:\\\/\\\/hewalo.be\\\/#website\",\"url\":\"https:\\\/\\\/hewalo.be\\\/\",\"name\":\"Hewalo\",\"description\":\"Bauunternehmen\",\"potentialAction\":[{\"@type\":\"SearchAction\",\"target\":{\"@type\":\"EntryPoint\",\"urlTemplate\":\"https:\\\/\\\/hewalo.be\\\/?s={search_term_string}\"},\"query-input\":{\"@type\":\"PropertyValueSpecification\",\"valueRequired\":true,\"valueName\":\"search_term_string\"}}],\"inLanguage\":\"de\"}]}<\/script>\n<!-- \/ Yoast SEO plugin. -->","yoast_head_json":{"title":"\u00dcber uns - Hewalo","description":"hewalo, Bauunternehmen, team, Erfahrung, Firmengr\u00fcnder, Erich Trost, Alain Mausen, Lommersweiler, Ostbelgien, Emmels, Hausbau,","robots":{"index":"index","follow":"follow","max-snippet":"max-snippet:-1","max-image-preview":"max-image-preview:large","max-video-preview":"max-video-preview:-1"},"canonical":"https:\/\/hewalo.be\/?page_id=250","og_locale":"de_DE","og_type":"article","og_title":"\u00dcber uns - Hewalo","og_description":"hewalo, Bauunternehmen, team, Erfahrung, Firmengr\u00fcnder, Erich Trost, Alain Mausen, Lommersweiler, Ostbelgien, Emmels, Hausbau,","og_url":"https:\/\/hewalo.be\/?page_id=250","og_site_name":"Hewalo","article_modified_time":"2023-01-18T10:00:26+00:00","twitter_card":"summary_large_image","twitter_misc":{"Gesch\u00e4tzte Lesezeit":"2\u00a0Minuten"},"schema":{"@context":"https:\/\/schema.org","@graph":[{"@type":"WebPage","@id":"https:\/\/hewalo.be\/?page_id=250","url":"https:\/\/hewalo.be\/?page_id=250","name":"\u00dcber uns - Hewalo","isPartOf":{"@id":"https:\/\/hewalo.be\/#website"},"datePublished":"2015-10-21T12:34:01+00:00","dateModified":"2023-01-18T10:00:26+00:00","description":"hewalo, Bauunternehmen, team, Erfahrung, Firmengr\u00fcnder, Erich Trost, Alain Mausen, Lommersweiler, Ostbelgien, Emmels, Hausbau,","breadcrumb":{"@id":"https:\/\/hewalo.be\/?page_id=250#breadcrumb"},"inLanguage":"de","potentialAction":[{"@type":"ReadAction","target":["https:\/\/hewalo.be\/?page_id=250"]}]},{"@type":"BreadcrumbList","@id":"https:\/\/hewalo.be\/?page_id=250#breadcrumb","itemListElement":[{"@type":"ListItem","position":1,"name":"Startseite","item":"https:\/\/hewalo.be\/"},{"@type":"ListItem","position":2,"name":"\u00dcber uns"}]},{"@type":"WebSite","@id":"https:\/\/hewalo.be\/#website","url":"https:\/\/hewalo.be\/","name":"Hewalo","description":"Bauunternehmen","potentialAction":[{"@type":"SearchAction","target":{"@type":"EntryPoint","urlTemplate":"https:\/\/hewalo.be\/?s={search_term_string}"},"query-input":{"@type":"PropertyValueSpecification","valueRequired":true,"valueName":"search_term_string"}}],"inLanguage":"de"}]}},"_links":{"self":[{"href":"https:\/\/hewalo.be\/index.php?rest_route=\/wp\/v2\/pages\/250","targetHints":{"allow":["GET"]}}],"collection":[{"href":"https:\/\/hewalo.be\/index.php?rest_route=\/wp\/v2\/pages"}],"about":[{"href":"https:\/\/hewalo.be\/index.php?rest_route=\/wp\/v2\/types\/page"}],"author":[{"embeddable":true,"href":"https:\/\/hewalo.be\/index.php?rest_route=\/wp\/v2\/users\/1"}],"replies":[{"embeddable":true,"href":"https:\/\/hewalo.be\/index.php?rest_route=%2Fwp%2Fv2%2Fcomments&post=250"}],"version-history":[{"count":13,"href":"https:\/\/hewalo.be\/index.php?rest_route=\/wp\/v2\/pages\/250\/revisions"}],"predecessor-version":[{"id":454,"href":"https:\/\/hewalo.be\/index.php?rest_route=\/wp\/v2\/pages\/250\/revisions\/454"}],"wp:attachment":[{"href":"https:\/\/hewalo.be\/index.php?rest_route=%2Fwp%2Fv2%2Fmedia&parent=250"}],"curies":[{"name":"wp","href":"https:\/\/api.w.org\/{rel}","templated":true}]}}