{"id":3,"date":"2021-01-12T00:30:08","date_gmt":"2021-01-12T00:30:08","guid":{"rendered":"https:\/\/hewalo.be\/?page_id=3"},"modified":"2021-02-16T11:09:38","modified_gmt":"2021-02-16T11:09:38","slug":"privacy-policy","status":"publish","type":"page","link":"https:\/\/hewalo.be\/?page_id=3","title":{"rendered":"Datenschutzerkl\u00e4rung"},"content":{"rendered":"<h3><b>Datenschutzerkl\u00e4rung des Bauunternehmens Hewalo<\/b><\/h3>\n<p>Diese Datenschutzerkl\u00e4rung gilt f\u00fcr die Erhebung, Verarbeitung und Nutzung Ihrer personenbezogenen Daten im Falle einer Anfrage oder Mandatserteilung. Au\u00dferdem wird nachstehend beschrieben, wie wir mit den Daten umgehen, die wir aus Ihrem Besuch auf unserer Website entnehmen.<\/p>\n<p>Wir m\u00f6chten betonen, dass wir gr\u00f6\u00dften Wert auf den Schutz Ihrer personenbezogenen Daten legen.<\/p>\n<p><b>Erhebung, Verarbeitung und Nutzung personenbezogener Daten<\/b><\/p>\n<p>Unter personenbezogenen Daten versteht man laut Datenschutzgrundverordnung alle Informationen, die sich auf eine identifizierte oder identifizierbare nat\u00fcrliche Person beziehen; als identifizierbar gilt eine Person, wenn sie direkt oder indirekt identifiziert werden kann, insbesondere mittels Zuordnung zu einer Kennung wie einem Namen, zu einer Kennnummer, zu Standortdaten, zu einer Online-Kennung oder zu einem oder mehreren besonderen Merkmalen, die Ausdruck der physischen, physiologischen, genetischen, psychischen, wirtschaftlichen, kulturellen oder sozialen Identit\u00e4t dieser nat\u00fcrlichen Person sind (also insbesondere Vorname, Nachname, Geburtsdatum, E-Mail-Adresse, Telefonnummer, Anschrift und die Bank- und Zahlungsdaten).<\/p>\n<p>Wir erheben und verarbeiten Ihre personenbezogene Daten nur in dem Umfang, wie es notwendig ist f\u00fcr die Beantwortung Ihrer Anfrage oder die Bearbeitung eines Auftrags. Wenn Sie uns Ihre pers\u00f6nlichen Angaben, E-Mail-Adresse oder sonstige Angaben hinterlassen, z.B. anl\u00e4sslich einer Anfrage, verpflichten wir uns, diese Angaben nicht an Dritte weiterzugeben, es sei denn, es ist f\u00fcr die Erf\u00fcllung unseres Auftrages erforderlich.<\/p>\n<p>Wenn Sie von uns E-Mails erhalten, haben diese immer einen Bezug zu Ihrem Eintrag oder sind die Folge Ihrer Anfrage.<\/p>\n<p>Nach vollst\u00e4ndiger Vertragsabwicklung bleiben alle personenbezogenen Daten gespeichert. Eine L\u00f6schfrist ist aufgrund von rechtlichen Verpflichtungen (Haftung, Steuerrecht, usw.) nicht im Voraus festgelegt.<\/p>\n<p>Ihre personenbezogenen Daten werden nur im erforderlichen Ma\u00dfe an Auftragsverarbeiter und eventuell Beh\u00f6rden weitergegeben. Ihre Daten werden nicht au\u00dferhalb der EU verarbeitet, es sei denn v\u00f6llig unwissentlich und unabh\u00e4ngig von unserem Willen und Einfluss.<\/p>\n<p><b>Logfiles<\/b><\/p>\n<p>Bei Ihrem Besuch auf einer Website, also auch auf der unseren, entstehen Eintr\u00e4ge in den sogenannten Logfiles, wobei Angaben zu Ihrem Surfverhalten registriert werden (Datum des Besuchs, Uhrzeit, Verweildauer, aufgerufene Seiten, usw.). Aber keine Sorge, Sie als Surfer bleiben trotzdem anonym, denn niemals kann man erfassen, wer vor dem Computer sitzt.<\/p>\n<p>Diese von Ihnen hinterlassenen Angaben werden von uns ausschlie\u00dflich zur Analyse und zur Verbesserung unserer Website und unseres Angebotes herangezogen.<\/p>\n<p><b>Google Analytics <\/b><\/p>\n<p>Diese Website nutzt Funktionen des<span class=\"Apple-converted-space\">\u00a0 <\/span>Webanalysedienstes Google Analytics. Anbieter ist die Google Inc. 1600 Amphitheatre Parkway Mountain View, CA 94043, USA. Google Analytics verwendet sog. \u201eCookies\u201c. Das sind Textdateien, die auf Ihrem Computer gespeichert werden und die eine Analyse der Benutzung der Website durch Sie erm\u00f6glichen. Die durch den Cookie erzeugten Informationen \u00fcber Ihre Benutzung dieser Website werden in der Regel an einen Server von Google in den USA \u00fcbertragen und dort gespeichert.<\/p>\n<p>Im Falle der Aktivierung der IP-Anonymisierung auf dieser Webseite wird Ihre IP-Adresse von Google jedoch innerhalb von Mitgliedstaaten der Europ\u00e4ischen Union oder in anderen Vertragsstaaten des Abkommens \u00fcber den Europ\u00e4ischen Wirtschaftsraum zuvor gek\u00fcrzt. Nur in Ausnahmef\u00e4llen wird die volle IP-Adresse an einen Server von Google in den USA \u00fcbertragen und dort gek\u00fcrzt. Im Auftrag des Betreibers dieser Website wird Google diese Informationen benutzen, um Ihre Nutzung der Website auszuwerten, um Reports \u00fcber die Websiteaktivit\u00e4ten zusammenzustellen und um weitere mit der Websitenutzung und der Internetnutzung verbundene Dienstleistungen gegen\u00fcber dem Websitebetreiber zu erbringen. Die im Rahmen von Google Analytics von Ihrem Browser \u00fcbermittelte IP-Adresse wird nicht mit anderen Daten von Google zusammengef\u00fchrt.<\/p>\n<p>Sie k\u00f6nnen die Speicherung der Cookies durch eine entsprechende Einstellung Ihrer Browser-Software verhindern; wir weisen Sie jedoch darauf hin, dass Sie in diesem Fall gegebenenfalls nicht s\u00e4mtliche Funktionen dieser Website vollumf\u00e4nglich werden nutzen k\u00f6nnen. Sie k\u00f6nnen dar\u00fcber hinaus die Erfassung der durch das Cookie erzeugten und auf Ihre Nutzung der Website bezogenen Daten (inkl. Ihrer IP-Adresse) an Google sowie die Verarbeitung dieser Daten durch Google verhindern, indem sie das unter dem folgenden Link verf\u00fcgbare Browser-Plugin herunterladen und installieren: http:\/\/tools.google.com\/dlpage\/gaoptout?hl=de<\/p>\n<p><b>Betroffenenrechte<\/b><\/p>\n<p>Auf Anfrage werden wir Sie gern \u00fcber die zu Ihrer Person gespeicherten Daten informieren. Sie k\u00f6nnen jederzeit unentgeltlich der Nutzung Ihrer personenbezogenen Daten f\u00fcr die Zukunft widersprechen, eine teilweise oder komplette L\u00f6schung bzw. Sperrung veranlassen oder Auskunft \u00fcber die von uns zu Ihrer Person gespeicherten Daten bzw. deren Berichtigung oder Einschr\u00e4nkung der Verarbeitung verlangen. Sie haben ebenfalls das Anrecht auf Daten\u00fcbertragbarkeit.<\/p>\n<p>Au\u00dferdem machen wir Sie auf das Bestehen eines Beschwerderechts bei einer Aufsichtsbeh\u00f6rde aufmerksam.<\/p>\n<p><b>Sicherheit<\/b><\/p>\n<p>Wir treffen alle notwendigen technischen und organisatorischen Sicherheitsma\u00dfnahmen, um Ihre personenbezogenen Daten vor Verlust, Missbrauch und Ver\u00e4nderung oder Verbreitung Ihrer Daten durch unbefugte Personen zu sch\u00fctzen.<\/p>\n<p><b>Verantwortlicher im Sinne der Datenschutzverordnung: <\/b><\/p>\n<p>Hewalo PgmbH<br \/>\nMarianusstra\u00dfe, Emmels<br \/>\nTel.: +32 80 228 051<br \/>\nwww.hewalo.be<br \/>\nUnternehmensnummer:\u00a00454.648.896<\/p>\n","protected":false},"excerpt":{"rendered":"<p>Datenschutzerkl\u00e4rung des Bauunternehmens Hewalo Diese Datenschutzerkl\u00e4rung gilt f\u00fcr die Erhebung, Verarbeitung und Nutzung Ihrer personenbezogenen Daten im Falle einer Anfrage oder Mandatserteilung. Au\u00dferdem wird nachstehend beschrieben, wie wir mit den Daten umgehen, die wir aus Ihrem Besuch auf unserer Website entnehmen. Wir m\u00f6chten betonen, dass wir gr\u00f6\u00dften Wert auf den Schutz Ihrer personenbezogenen Daten legen. [&hellip;]<\/p>\n","protected":false},"author":1,"featured_media":0,"parent":0,"menu_order":0,"comment_status":"closed","ping_status":"open","template":"","meta":{"_monsterinsights_skip_tracking":false,"_monsterinsights_sitenote_active":false,"_monsterinsights_sitenote_note":"","_monsterinsights_sitenote_category":0,"footnotes":""},"class_list":["post-3","page","type-page","status-publish","hentry"],"yoast_head":"<!-- This site is optimized with the Yoast SEO plugin v27.4 - https:\/\/yoast.com\/product\/yoast-seo-wordpress\/ -->\n<title>Datenschutzerkl\u00e4rung - Hewalo<\/title>\n<meta name=\"description\" content=\"hewalo, Bauunternehmen, emmels, Ostbelgien Datenschutz, datenschutzerkl\u00e4rung, google analytics, daten, personen\" \/>\n<meta name=\"robots\" content=\"index, follow, max-snippet:-1, max-image-preview:large, max-video-preview:-1\" \/>\n<link rel=\"canonical\" href=\"https:\/\/hewalo.be\/?page_id=3\" \/>\n<meta property=\"og:locale\" content=\"de_DE\" \/>\n<meta property=\"og:type\" content=\"article\" \/>\n<meta property=\"og:title\" content=\"Datenschutzerkl\u00e4rung - Hewalo\" \/>\n<meta property=\"og:description\" content=\"hewalo, Bauunternehmen, emmels, Ostbelgien Datenschutz, datenschutzerkl\u00e4rung, google analytics, daten, personen\" \/>\n<meta property=\"og:url\" content=\"https:\/\/hewalo.be\/?page_id=3\" \/>\n<meta property=\"og:site_name\" content=\"Hewalo\" \/>\n<meta property=\"article:modified_time\" content=\"2021-02-16T11:09:38+00:00\" \/>\n<meta name=\"twitter:card\" content=\"summary_large_image\" \/>\n<meta name=\"twitter:label1\" content=\"Gesch\u00e4tzte Lesezeit\" \/>\n\t<meta name=\"twitter:data1\" content=\"4\u00a0Minuten\" \/>\n<script type=\"application\/ld+json\" class=\"yoast-schema-graph\">{\"@context\":\"https:\\\/\\\/schema.org\",\"@graph\":[{\"@type\":\"WebPage\",\"@id\":\"https:\\\/\\\/hewalo.be\\\/?page_id=3\",\"url\":\"https:\\\/\\\/hewalo.be\\\/?page_id=3\",\"name\":\"Datenschutzerkl\u00e4rung - Hewalo\",\"isPartOf\":{\"@id\":\"https:\\\/\\\/hewalo.be\\\/#website\"},\"datePublished\":\"2021-01-12T00:30:08+00:00\",\"dateModified\":\"2021-02-16T11:09:38+00:00\",\"description\":\"hewalo, Bauunternehmen, emmels, Ostbelgien Datenschutz, datenschutzerkl\u00e4rung, google analytics, daten, personen\",\"breadcrumb\":{\"@id\":\"https:\\\/\\\/hewalo.be\\\/?page_id=3#breadcrumb\"},\"inLanguage\":\"de\",\"potentialAction\":[{\"@type\":\"ReadAction\",\"target\":[\"https:\\\/\\\/hewalo.be\\\/?page_id=3\"]}]},{\"@type\":\"BreadcrumbList\",\"@id\":\"https:\\\/\\\/hewalo.be\\\/?page_id=3#breadcrumb\",\"itemListElement\":[{\"@type\":\"ListItem\",\"position\":1,\"name\":\"Startseite\",\"item\":\"https:\\\/\\\/hewalo.be\\\/\"},{\"@type\":\"ListItem\",\"position\":2,\"name\":\"Datenschutzerkl\u00e4rung\"}]},{\"@type\":\"WebSite\",\"@id\":\"https:\\\/\\\/hewalo.be\\\/#website\",\"url\":\"https:\\\/\\\/hewalo.be\\\/\",\"name\":\"Hewalo\",\"description\":\"Bauunternehmen\",\"potentialAction\":[{\"@type\":\"SearchAction\",\"target\":{\"@type\":\"EntryPoint\",\"urlTemplate\":\"https:\\\/\\\/hewalo.be\\\/?s={search_term_string}\"},\"query-input\":{\"@type\":\"PropertyValueSpecification\",\"valueRequired\":true,\"valueName\":\"search_term_string\"}}],\"inLanguage\":\"de\"}]}<\/script>\n<!-- \/ Yoast SEO plugin. -->","yoast_head_json":{"title":"Datenschutzerkl\u00e4rung - Hewalo","description":"hewalo, Bauunternehmen, emmels, Ostbelgien Datenschutz, datenschutzerkl\u00e4rung, google analytics, daten, personen","robots":{"index":"index","follow":"follow","max-snippet":"max-snippet:-1","max-image-preview":"max-image-preview:large","max-video-preview":"max-video-preview:-1"},"canonical":"https:\/\/hewalo.be\/?page_id=3","og_locale":"de_DE","og_type":"article","og_title":"Datenschutzerkl\u00e4rung - Hewalo","og_description":"hewalo, Bauunternehmen, emmels, Ostbelgien Datenschutz, datenschutzerkl\u00e4rung, google analytics, daten, personen","og_url":"https:\/\/hewalo.be\/?page_id=3","og_site_name":"Hewalo","article_modified_time":"2021-02-16T11:09:38+00:00","twitter_card":"summary_large_image","twitter_misc":{"Gesch\u00e4tzte Lesezeit":"4\u00a0Minuten"},"schema":{"@context":"https:\/\/schema.org","@graph":[{"@type":"WebPage","@id":"https:\/\/hewalo.be\/?page_id=3","url":"https:\/\/hewalo.be\/?page_id=3","name":"Datenschutzerkl\u00e4rung - Hewalo","isPartOf":{"@id":"https:\/\/hewalo.be\/#website"},"datePublished":"2021-01-12T00:30:08+00:00","dateModified":"2021-02-16T11:09:38+00:00","description":"hewalo, Bauunternehmen, emmels, Ostbelgien Datenschutz, datenschutzerkl\u00e4rung, google analytics, daten, personen","breadcrumb":{"@id":"https:\/\/hewalo.be\/?page_id=3#breadcrumb"},"inLanguage":"de","potentialAction":[{"@type":"ReadAction","target":["https:\/\/hewalo.be\/?page_id=3"]}]},{"@type":"BreadcrumbList","@id":"https:\/\/hewalo.be\/?page_id=3#breadcrumb","itemListElement":[{"@type":"ListItem","position":1,"name":"Startseite","item":"https:\/\/hewalo.be\/"},{"@type":"ListItem","position":2,"name":"Datenschutzerkl\u00e4rung"}]},{"@type":"WebSite","@id":"https:\/\/hewalo.be\/#website","url":"https:\/\/hewalo.be\/","name":"Hewalo","description":"Bauunternehmen","potentialAction":[{"@type":"SearchAction","target":{"@type":"EntryPoint","urlTemplate":"https:\/\/hewalo.be\/?s={search_term_string}"},"query-input":{"@type":"PropertyValueSpecification","valueRequired":true,"valueName":"search_term_string"}}],"inLanguage":"de"}]}},"_links":{"self":[{"href":"https:\/\/hewalo.be\/index.php?rest_route=\/wp\/v2\/pages\/3","targetHints":{"allow":["GET"]}}],"collection":[{"href":"https:\/\/hewalo.be\/index.php?rest_route=\/wp\/v2\/pages"}],"about":[{"href":"https:\/\/hewalo.be\/index.php?rest_route=\/wp\/v2\/types\/page"}],"author":[{"embeddable":true,"href":"https:\/\/hewalo.be\/index.php?rest_route=\/wp\/v2\/users\/1"}],"replies":[{"embeddable":true,"href":"https:\/\/hewalo.be\/index.php?rest_route=%2Fwp%2Fv2%2Fcomments&post=3"}],"version-history":[{"count":2,"href":"https:\/\/hewalo.be\/index.php?rest_route=\/wp\/v2\/pages\/3\/revisions"}],"predecessor-version":[{"id":452,"href":"https:\/\/hewalo.be\/index.php?rest_route=\/wp\/v2\/pages\/3\/revisions\/452"}],"wp:attachment":[{"href":"https:\/\/hewalo.be\/index.php?rest_route=%2Fwp%2Fv2%2Fmedia&parent=3"}],"curies":[{"name":"wp","href":"https:\/\/api.w.org\/{rel}","templated":true}]}}