{"id":448,"date":"2021-02-09T09:36:57","date_gmt":"2021-02-09T09:36:57","guid":{"rendered":"https:\/\/hewalo.be\/?page_id=448"},"modified":"2021-02-09T09:36:57","modified_gmt":"2021-02-09T09:36:57","slug":"impressum","status":"publish","type":"page","link":"https:\/\/hewalo.be\/?page_id=448","title":{"rendered":"Impressum"},"content":{"rendered":"<h2>IMPRESSUM<\/h2>\n<p><strong>Verantwortlicher Herausgeber:<\/strong><\/p>\n<p>Hewalo PGmbH<br \/>\nMarianusstra\u00dfe 125<br \/>\nB \u2013\u00a04780 St.Vith<br \/>\nTel.: +32 (0)80 228 051<\/p>\n<p><strong>Copyright:<\/strong><\/p>\n<p>\u00a9 2021 Hewalo PGmbH<\/p>\n<p>Alle Rechte vorbehalten. Text, Bilder und Grafiken sowie deren Anordnung auf dieser Website unterliegen dem Schutz des Urheberrechts und anderer Schutzgesetze. Der Inhalt dieser Website darf nicht zu kommerziellen Zwecken kopiert, verbreitet, ver\u00e4ndert oder Dritten zug\u00e4nglich gemacht werden. Die Website enth\u00e4lt au\u00dferdem Bilder und Links, die ganz oder teilweise dem Copyright Dritter unterliegen. Das in der Website enthaltene geistige Eigentum ist gesch\u00fctzt. Durch die Ver\u00f6ffentlichung dieser Website erteilen die Produzenten keine Lizenz zur Nutzung dieses Eigentums an Dritte.<\/p>\n<p><strong>Haftungshinweis:<\/strong><\/p>\n<p>Die Nachrichten auf dieser Internetseite wurden mit der nach den Umst\u00e4nden gebotenen Sorgfalt auf Inhalt, Herkunft und Wahrheit gepr\u00fcft. Es wird keine Gew\u00e4hr f\u00fcr die Vollst\u00e4ndigkeit, Richtigkeit oder Aktualit\u00e4t sowie die jederzeitige Verf\u00fcgbarkeit der bereitgestellten Informationen \u00fcbernommen. Eine Haftung f\u00fcr Sch\u00e4den, die aus der Nutzung oder Nichtnutzung der auf dieser Internetseite angebotenen Informationen oder das Aufrufen oder Herunterladen von Daten oder die Installation oder Nutzung von heruntergeladener Software entstehen, wird \u2013 soweit gesetzlich zul\u00e4ssig \u2013 ausgeschlossen.<\/p>\n<p><strong>Realisierung:<\/strong><\/p>\n<p>GRAFOKA \u2013 Katja Paulis<br \/>\nBreitfeld 28c<br \/>\nB \u2013 4780 St.Vith<br \/>\nTel.: +32 (0)473 653 603<\/p>\n<p><strong>Hosting:<\/strong><\/p>\n<p>Indigo<br \/>\nFriedensstra\u00dfe 10<br \/>\nB \u2013\u00a04780 St.Vith<br \/>\nTel.: +32 (0)80 280 281<\/p>\n","protected":false},"excerpt":{"rendered":"<p>IMPRESSUM Verantwortlicher Herausgeber: Hewalo PGmbH Marianusstra\u00dfe 125 B \u2013\u00a04780 St.Vith Tel.: +32 (0)80 228 051 Copyright: \u00a9 2021 Hewalo PGmbH Alle Rechte vorbehalten. Text, Bilder und Grafiken sowie deren Anordnung auf dieser Website unterliegen dem Schutz des Urheberrechts und anderer Schutzgesetze. Der Inhalt dieser Website darf nicht zu kommerziellen Zwecken kopiert, verbreitet, ver\u00e4ndert oder Dritten [&hellip;]<\/p>\n","protected":false},"author":1,"featured_media":0,"parent":0,"menu_order":0,"comment_status":"closed","ping_status":"closed","template":"","meta":{"_monsterinsights_skip_tracking":false,"_monsterinsights_sitenote_active":false,"_monsterinsights_sitenote_note":"","_monsterinsights_sitenote_category":0,"footnotes":""},"class_list":["post-448","page","type-page","status-publish","hentry"],"yoast_head":"<!-- This site is optimized with the Yoast SEO plugin v27.4 - https:\/\/yoast.com\/product\/yoast-seo-wordpress\/ -->\n<title>Impressum - Hewalo<\/title>\n<meta name=\"description\" content=\"Hewalo, Impressum, verantwortlicher, Herausgeber, hosting, Realisierung, grafoka, indigo,\" \/>\n<meta name=\"robots\" content=\"index, follow, max-snippet:-1, max-image-preview:large, max-video-preview:-1\" \/>\n<link rel=\"canonical\" href=\"https:\/\/hewalo.be\/?page_id=448\" \/>\n<meta property=\"og:locale\" content=\"de_DE\" \/>\n<meta property=\"og:type\" content=\"article\" \/>\n<meta property=\"og:title\" content=\"Impressum - Hewalo\" \/>\n<meta property=\"og:description\" content=\"Hewalo, Impressum, verantwortlicher, Herausgeber, hosting, Realisierung, grafoka, indigo,\" \/>\n<meta property=\"og:url\" content=\"https:\/\/hewalo.be\/?page_id=448\" \/>\n<meta property=\"og:site_name\" content=\"Hewalo\" \/>\n<meta name=\"twitter:card\" content=\"summary_large_image\" \/>\n<meta name=\"twitter:label1\" content=\"Gesch\u00e4tzte Lesezeit\" \/>\n\t<meta name=\"twitter:data1\" content=\"1\u00a0Minute\" \/>\n<script type=\"application\/ld+json\" class=\"yoast-schema-graph\">{\"@context\":\"https:\\\/\\\/schema.org\",\"@graph\":[{\"@type\":\"WebPage\",\"@id\":\"https:\\\/\\\/hewalo.be\\\/?page_id=448\",\"url\":\"https:\\\/\\\/hewalo.be\\\/?page_id=448\",\"name\":\"Impressum - Hewalo\",\"isPartOf\":{\"@id\":\"https:\\\/\\\/hewalo.be\\\/#website\"},\"datePublished\":\"2021-02-09T09:36:57+00:00\",\"description\":\"Hewalo, Impressum, verantwortlicher, Herausgeber, hosting, Realisierung, grafoka, indigo,\",\"breadcrumb\":{\"@id\":\"https:\\\/\\\/hewalo.be\\\/?page_id=448#breadcrumb\"},\"inLanguage\":\"de\",\"potentialAction\":[{\"@type\":\"ReadAction\",\"target\":[\"https:\\\/\\\/hewalo.be\\\/?page_id=448\"]}]},{\"@type\":\"BreadcrumbList\",\"@id\":\"https:\\\/\\\/hewalo.be\\\/?page_id=448#breadcrumb\",\"itemListElement\":[{\"@type\":\"ListItem\",\"position\":1,\"name\":\"Startseite\",\"item\":\"https:\\\/\\\/hewalo.be\\\/\"},{\"@type\":\"ListItem\",\"position\":2,\"name\":\"Impressum\"}]},{\"@type\":\"WebSite\",\"@id\":\"https:\\\/\\\/hewalo.be\\\/#website\",\"url\":\"https:\\\/\\\/hewalo.be\\\/\",\"name\":\"Hewalo\",\"description\":\"Bauunternehmen\",\"potentialAction\":[{\"@type\":\"SearchAction\",\"target\":{\"@type\":\"EntryPoint\",\"urlTemplate\":\"https:\\\/\\\/hewalo.be\\\/?s={search_term_string}\"},\"query-input\":{\"@type\":\"PropertyValueSpecification\",\"valueRequired\":true,\"valueName\":\"search_term_string\"}}],\"inLanguage\":\"de\"}]}<\/script>\n<!-- \/ Yoast SEO plugin. -->","yoast_head_json":{"title":"Impressum - Hewalo","description":"Hewalo, Impressum, verantwortlicher, Herausgeber, hosting, Realisierung, grafoka, indigo,","robots":{"index":"index","follow":"follow","max-snippet":"max-snippet:-1","max-image-preview":"max-image-preview:large","max-video-preview":"max-video-preview:-1"},"canonical":"https:\/\/hewalo.be\/?page_id=448","og_locale":"de_DE","og_type":"article","og_title":"Impressum - Hewalo","og_description":"Hewalo, Impressum, verantwortlicher, Herausgeber, hosting, Realisierung, grafoka, indigo,","og_url":"https:\/\/hewalo.be\/?page_id=448","og_site_name":"Hewalo","twitter_card":"summary_large_image","twitter_misc":{"Gesch\u00e4tzte Lesezeit":"1\u00a0Minute"},"schema":{"@context":"https:\/\/schema.org","@graph":[{"@type":"WebPage","@id":"https:\/\/hewalo.be\/?page_id=448","url":"https:\/\/hewalo.be\/?page_id=448","name":"Impressum - Hewalo","isPartOf":{"@id":"https:\/\/hewalo.be\/#website"},"datePublished":"2021-02-09T09:36:57+00:00","description":"Hewalo, Impressum, verantwortlicher, Herausgeber, hosting, Realisierung, grafoka, indigo,","breadcrumb":{"@id":"https:\/\/hewalo.be\/?page_id=448#breadcrumb"},"inLanguage":"de","potentialAction":[{"@type":"ReadAction","target":["https:\/\/hewalo.be\/?page_id=448"]}]},{"@type":"BreadcrumbList","@id":"https:\/\/hewalo.be\/?page_id=448#breadcrumb","itemListElement":[{"@type":"ListItem","position":1,"name":"Startseite","item":"https:\/\/hewalo.be\/"},{"@type":"ListItem","position":2,"name":"Impressum"}]},{"@type":"WebSite","@id":"https:\/\/hewalo.be\/#website","url":"https:\/\/hewalo.be\/","name":"Hewalo","description":"Bauunternehmen","potentialAction":[{"@type":"SearchAction","target":{"@type":"EntryPoint","urlTemplate":"https:\/\/hewalo.be\/?s={search_term_string}"},"query-input":{"@type":"PropertyValueSpecification","valueRequired":true,"valueName":"search_term_string"}}],"inLanguage":"de"}]}},"_links":{"self":[{"href":"https:\/\/hewalo.be\/index.php?rest_route=\/wp\/v2\/pages\/448","targetHints":{"allow":["GET"]}}],"collection":[{"href":"https:\/\/hewalo.be\/index.php?rest_route=\/wp\/v2\/pages"}],"about":[{"href":"https:\/\/hewalo.be\/index.php?rest_route=\/wp\/v2\/types\/page"}],"author":[{"embeddable":true,"href":"https:\/\/hewalo.be\/index.php?rest_route=\/wp\/v2\/users\/1"}],"replies":[{"embeddable":true,"href":"https:\/\/hewalo.be\/index.php?rest_route=%2Fwp%2Fv2%2Fcomments&post=448"}],"version-history":[{"count":1,"href":"https:\/\/hewalo.be\/index.php?rest_route=\/wp\/v2\/pages\/448\/revisions"}],"predecessor-version":[{"id":449,"href":"https:\/\/hewalo.be\/index.php?rest_route=\/wp\/v2\/pages\/448\/revisions\/449"}],"wp:attachment":[{"href":"https:\/\/hewalo.be\/index.php?rest_route=%2Fwp%2Fv2%2Fmedia&parent=448"}],"curies":[{"name":"wp","href":"https:\/\/api.w.org\/{rel}","templated":true}]}}